{"id":26,"date":"2020-10-27T05:05:37","date_gmt":"2020-10-27T05:05:37","guid":{"rendered":"http:\/\/seodo.themezinho.net\/?page_id=26"},"modified":"2025-11-25T06:33:49","modified_gmt":"2025-11-25T06:33:49","slug":"contacto","status":"publish","type":"page","link":"https:\/\/www.asemcfma.com\/senderoTahamies\/contacto\/","title":{"rendered":"Contacto"},"content":{"rendered":"<p>[vc_row use_container=\u00bbyes\u00bb][vc_column][ts_section_title tagline=\u00bbCont\u00e1ctanos\u00bb title=\u00bbSi deseas ponerte en contacto con nosotros, puedes llamarnos o escribirnos a nuestro n\u00famero telef\u00f3nico y correo electr\u00f3nico. Estaremos atentos para brindarte la informaci\u00f3n que necesites.\u00bb][vc_row_inner][vc_column_inner offset=\u00bbvc_col-md-6&#8243;]\n<div class=\"wpcf7 no-js\" id=\"wpcf7-f204-o1\" lang=\"en-US\" dir=\"ltr\" data-wpcf7-id=\"204\">\n<div class=\"screen-reader-response\"><p role=\"status\" aria-live=\"polite\" aria-atomic=\"true\"><\/p> <ul><\/ul><\/div>\n<form action=\"\/senderoTahamies\/wp-json\/wp\/v2\/pages\/26#wpcf7-f204-o1\" method=\"post\" class=\"wpcf7-form init\" aria-label=\"Contact form\" novalidate=\"novalidate\" data-status=\"init\">\n<fieldset class=\"hidden-fields-container\"><input type=\"hidden\" name=\"_wpcf7\" value=\"204\" \/><input type=\"hidden\" name=\"_wpcf7_version\" value=\"6.1.1\" \/><input type=\"hidden\" name=\"_wpcf7_locale\" value=\"en_US\" \/><input type=\"hidden\" name=\"_wpcf7_unit_tag\" value=\"wpcf7-f204-o1\" \/><input type=\"hidden\" name=\"_wpcf7_container_post\" value=\"0\" \/><input type=\"hidden\" name=\"_wpcf7_posted_data_hash\" value=\"\" \/>\n<\/fieldset>\n<div class=\"contact-form\">\n\t<div class=\"form-group\">\n\t\t<p><input type=\"text\" placeholder=\"Nombre Completo\" \/>\n\t\t<\/p>\n\t<\/div>\n\t<div class=\"form-group\">\n\t\t<p><input type=\"text\" placeholder=\"E-mail\" \/>\n\t\t<\/p>\n\t<\/div>\n\t<div class=\"form-group\">\n\t\t<p><input type=\"text\" placeholder=\"Asunto\" \/>\n\t\t<\/p>\n\t<\/div>\n\t<div class=\"form-group\">\n\t\t<p><textarea placeholder=\"Mensaje\"><\/textarea>\n\t\t<\/p>\n\t<\/div>\n\t<div class=\"form-group\">\n\t\t<p><input type=\"submit\" value=\"ENVIAR MENSAJE\" \/>\n\t\t<\/p>\n\t<\/div>\n<\/div><p style=\"display: none !important;\" class=\"akismet-fields-container\" data-prefix=\"_wpcf7_ak_\"><label>&#916;<textarea name=\"_wpcf7_ak_hp_textarea\" cols=\"45\" rows=\"8\" maxlength=\"100\"><\/textarea><\/label><input type=\"hidden\" id=\"ak_js_1\" name=\"_wpcf7_ak_js\" value=\"134\"\/><script>document.getElementById( \"ak_js_1\" ).setAttribute( \"value\", ( new Date() ).getTime() );<\/script><\/p><div class=\"wpcf7-response-output\" aria-hidden=\"true\"><\/div>\n<\/form>\n<\/div>\n[\/vc_column_inner][vc_column_inner offset=\u00bbvc_col-md-6&#8243;][ts_contact_box icon=\u00bb206&#8243; title=\u00bbEsperamos tu llamado!!!\u00bb contact=\u00bb(57) 321 741 7573&#8243;][ts_contact_box icon=\u00bb207&#8243; title=\u00bbCorreo del editor\u00bb contact=\u00bbajaguas@sena.edu.co\u00bb][ts_contact_box icon=\u00bb208&#8243; title=\u00bbDirecci\u00f3n:\u00bb contact=\u00bbCentro de Formaci\u00f3n Minero Ambiental &#8211; V\u00eda Comodatos de Arriba\u00bb][\/vc_column_inner][\/vc_row_inner][\/vc_column][\/vc_row][vc_row motts_theme_padding=\u00bbno\u00bb css=\u00bb.vc_custom_1603818230001{margin-right: 0px !important;margin-left: 0px !important;}\u00bb][vc_column css=\u00bb.vc_custom_1603865812052{margin-top: -150px !important;padding-right: 0px !important;padding-left: 0px !important;}\u00bb][ts_google_maps iframe_url=\u00bb<iframe loading=\"lazy\" style=\"&#96;&#96;border: 0;\" src=\"&#96;&#96;https:\/\/www.google.com\/maps\/embed?pb=!1m18!1m12!1m3!1d1977.4564177472046!2d-74.80208635739822!3d7.584466553670488!2m3!1f0!2f0!3f0!3m2!1i1024!2i768!4f13.1!3m3!1m2!1s0x8e5cade9792a1c09%3A0x930590df314bedfd!2sSENA%20CFMA%20El%20Bagre!5e0!3m2!1ses-419!2sco!4v1764052267543!5m2!1ses-419!2sco&#96;&#96;\" width=\"&#96;&#96;600&#96;&#96;\" height=\"&#96;&#96;450&#96;&#96;\" allowfullscreen=\"allowfullscreen\"><\/iframe>\u00bb map_height=\u00bb400px\u00bb][\/vc_column][\/vc_row]<\/p>\n","protected":false},"excerpt":{"rendered":"<p>[vc_row use_container=\u00bbyes\u00bb][vc_column][ts_section_title tagline=\u00bbCont\u00e1ctanos\u00bb title=\u00bbSi deseas ponerte en contacto con nosotros, puedes llamarnos o escribirnos a nuestro n\u00famero telef\u00f3nico y correo electr\u00f3nico. Estaremos atentos para brindarte la informaci\u00f3n que necesites.\u00bb][vc_row_inner][vc_column_inner offset=\u00bbvc_col-md-6&#8243;][\/vc_column_inner][vc_column_inner offset=\u00bbvc_col-md-6&#8243;][ts_contact_box icon=\u00bb206&#8243; title=\u00bbEsperamos tu llamado!!!\u00bb contact=\u00bb(57) 321 741 7573&#8243;][ts_contact_box icon=\u00bb207&#8243; title=\u00bbCorreo del editor\u00bb contact=\u00bbajaguas@sena.edu.co\u00bb][ts_contact_box icon=\u00bb208&#8243; title=\u00bbDirecci\u00f3n:\u00bb contact=\u00bbCentro de Formaci\u00f3n Minero Ambiental &#8211; V\u00eda Comodatos de [&hellip;]<\/p>\n","protected":false},"author":1,"featured_media":0,"parent":0,"menu_order":0,"comment_status":"closed","ping_status":"closed","template":"page-builder.php","meta":{"_monsterinsights_skip_tracking":false,"_monsterinsights_sitenote_active":false,"_monsterinsights_sitenote_note":"","_monsterinsights_sitenote_category":0,"footnotes":""},"class_list":["post-26","page","type-page","status-publish","hentry"],"aioseo_notices":[],"_links":{"self":[{"href":"https:\/\/www.asemcfma.com\/senderoTahamies\/wp-json\/wp\/v2\/pages\/26","targetHints":{"allow":["GET"]}}],"collection":[{"href":"https:\/\/www.asemcfma.com\/senderoTahamies\/wp-json\/wp\/v2\/pages"}],"about":[{"href":"https:\/\/www.asemcfma.com\/senderoTahamies\/wp-json\/wp\/v2\/types\/page"}],"author":[{"embeddable":true,"href":"https:\/\/www.asemcfma.com\/senderoTahamies\/wp-json\/wp\/v2\/users\/1"}],"replies":[{"embeddable":true,"href":"https:\/\/www.asemcfma.com\/senderoTahamies\/wp-json\/wp\/v2\/comments?post=26"}],"version-history":[{"count":9,"href":"https:\/\/www.asemcfma.com\/senderoTahamies\/wp-json\/wp\/v2\/pages\/26\/revisions"}],"predecessor-version":[{"id":741,"href":"https:\/\/www.asemcfma.com\/senderoTahamies\/wp-json\/wp\/v2\/pages\/26\/revisions\/741"}],"wp:attachment":[{"href":"https:\/\/www.asemcfma.com\/senderoTahamies\/wp-json\/wp\/v2\/media?parent=26"}],"curies":[{"name":"wp","href":"https:\/\/api.w.org\/{rel}","templated":true}]}}