{"id":24,"date":"2020-10-27T05:05:27","date_gmt":"2020-10-27T05:05:27","guid":{"rendered":"http:\/\/seodo.themezinho.net\/?page_id=24"},"modified":"2025-11-25T14:36:04","modified_gmt":"2025-11-25T14:36:04","slug":"sobreelsendero","status":"publish","type":"page","link":"https:\/\/www.asemcfma.com\/senderoTahamies\/sobreelsendero\/","title":{"rendered":"Sobre el Sendero"},"content":{"rendered":"<p>[vc_row motts_theme_padding=\u00bbno\u00bb use_container=\u00bbyes\u00bb css=\u00bb.vc_custom_1603886300690{padding-top: 100px !important;}\u00bb][vc_column][vc_row_inner][vc_column_inner][ts_section_title align=\u00bbtext-left\u00bb tagline=\u00bbSobre El Sendero\u00bb title=\u00bbSobre el Sendero Ambiental CFMA\u00bb][\/vc_column_inner][\/vc_row_inner][vc_row_inner content_placement=\u00bbmiddle\u00bb][vc_column_inner offset=\u00bbvc_col-md-6&#8243;][ts_side_content description=\u00bbFrom rural crafts and traditions, practical and inspiring<br \/>\ngardening tips, delicious recipes, <strong>wildlife<\/strong>, four-legged<br \/>\nfriends and great places to visit, to discovering more<br \/>\nabout your food provenance and how you can back<br \/>\nBritish farming, Countryside aims to inspire everyone<br \/>\nabout rural life.<\/p>\n<p>Become a member of Countryside to show your<br \/>\nsupport for British food and farming and we\u2019ll send<br \/>\nyou our <u>fantastic magazine<\/u> every month. Plus, you\u2019ll<br \/>\nbe able to enjoy a great range of member benefits<br \/>\nand special offers to help you. Plus, you\u2019ll be able to<br \/>\nenjoy a great range of member benefits and special<br \/>\noffers to help you make the most of the wonderful<br \/>\nBritish countryside. Learn more about <strong>Countryside<\/strong><br \/>\nmember benefits.\u00bb side_content=\u00bbFrom rural crafts and traditions, practical and inspiring gardening tips, delicious recipes, <strong>wildlife<\/strong>, four-legged friends and great places to visit, to discovering more about your food provenance and how you can back British farming, Countryside aims to inspire everyone about rural life.<\/p>\n<p>Become a member of Countryside to show your support for British food and farming and we\u2019ll send you our <u>fantastic magazine<\/u> every month. Plus, you\u2019ll be able to enjoy a great range of member benefits and special offers to help you. Plus, you\u2019ll be able to enjoy a great range of member benefits and special offers to help you make the most of the wonderful British countryside. Learn more about <strong>Countryside<\/strong> member benefits.\u00bb]El Sendero Ambiental del Centro de Formaci\u00f3n Minero Ambiental del SENA es un espacio pedag\u00f3gico creado para la investigaci\u00f3n, conservaci\u00f3n y educaci\u00f3n ambiental en El Bagre, Antioquia. Este relicto boscoso de 1.86 hect\u00e1reas funciona como laboratorio vivo donde aprendices, instructores y comunidad pueden explorar la biodiversidad local, comprender los procesos ecol\u00f3gicos de restauraci\u00f3n y fortalecer la relaci\u00f3n con el entorno natural. Su monitoreo permanente mediante c\u00e1maras trampa y recorridos guiados lo convierten en un referente regional en pr\u00e1cticas sostenibles y observaci\u00f3n de fauna.[\/ts_side_content][\/vc_column_inner][vc_column_inner offset=\u00bbvc_col-md-6&#8243;][ts_side_image display_notebox=\u00bbshow\u00bb notebox=\u00bb<\/p>\n<h4>What are you waiting for?<br \/>\nJoin us today.<\/h4>\n<p>Countryside is a membership category of the <u>National Farmers<\/u>&#8216; Union (NFU). The NFU champions <strong>British<\/strong> agriculture and horticulture,\u00bb image=\u00bb573&#8243; alt=\u00bbImage\u00bb]<\/p>\n<h4>Recorre el Sendero<\/h4>\n<h4>Te invitamos a vivir una experiencia ambiental \u00fanica en el Sendero CFMA<\/h4>\n<p>[\/ts_side_image][\/vc_column_inner][\/vc_row_inner][\/vc_column][\/vc_row][vc_row section_background_color=\u00bb#fbf7f4&#8243; use_container=\u00bbyes\u00bb use_predefined_class=\u00bbyes\u00bb predefined_class=\u00bbbottom-white-space\u00bb][vc_column][vc_row_inner][vc_column_inner][ts_section_title tagline=\u00bbLos desaf\u00edos del ma\u00f1ana\u00bb title=\u00bbNuestro pasado, presente y futuro\u00bb][\/vc_column_inner][\/vc_row_inner][vc_row_inner][vc_column_inner width=\u00bb1\/3&#8243;][ts_image_title_box image=\u00bb239&#8243; title=\u00bbNuestra historia\u00bb][\/vc_column_inner][vc_column_inner width=\u00bb1\/3&#8243;][ts_image_title_box image=\u00bb240&#8243; title=\u00bbInnovaci\u00f3n\u00bb][\/vc_column_inner][vc_column_inner width=\u00bb1\/3&#8243;][ts_image_title_box image=\u00bb241&#8243; title=\u00bbProposito\u00bb][\/vc_column_inner][\/vc_row_inner][\/vc_column][\/vc_row][vc_row use_container=\u00bbyes\u00bb][vc_column][vc_row_inner][vc_column_inner][ts_section_title title=\u00bbComo trabaja?\u00bb][\/vc_column_inner][\/vc_row_inner][vc_row_inner][vc_column_inner width=\u00bb1\/2&#8243; offset=\u00bbvc_col-md-3&#8243;][ts_icon_circle_box icon=\u00bb246&#8243; description=\u00bbExplora, aprende y valora.\u00bb][\/vc_column_inner][vc_column_inner width=\u00bb1\/2&#8243; offset=\u00bbvc_col-md-3&#8243;][ts_icon_circle_box icon=\u00bb247&#8243; description=\u00bbC\u00e1maras registran fauna silvestre.\u00bb][\/vc_column_inner][vc_column_inner width=\u00bb1\/2&#8243; offset=\u00bbvc_col-md-3&#8243;][ts_icon_circle_box icon=\u00bb248&#8243; description=\u00bbProtegemos especies del territorio.\u00bb][\/vc_column_inner][vc_column_inner width=\u00bb1\/2&#8243; offset=\u00bbvc_col-md-3&#8243;][ts_icon_circle_box icon=\u00bb249&#8243; description=\u00bbAprendizaje pr\u00e1ctico en campo.\u00bb][\/vc_column_inner][\/vc_row_inner][\/vc_column][\/vc_row][vc_row section_background_color=\u00bb#009a4e\u00bb use_container=\u00bbyes\u00bb][vc_column offset=\u00bbvc_col-md-4&#8243;][ts_accordion title=\u00bbSobre el Sendero Ambiental CFMA\u00bb details=\u00bb%5B%7B%22title%22%3A%22Biodiversidad%22%2C%22description%22%3A%22El%20sendero%20alberga%20una%20diversidad%20notable%20de%20especies%2C%20incluyendo%20mam%C3%ADferos%2C%20aves%2C%20reptiles%20e%20insectos%20que%20encuentran%20en%20este%20fragmento%20de%20bosque%20refugio%2C%20alimento%20y%20puntos%20de%20conectividad.%20El%20registro%20continuo%20de%20fauna%20ha%20permitido%20identificar%20especies%20de%20alto%20valor%20ecol%C3%B3gico%2C%20lo%20que%20demuestra%20la%20importancia%20del%20sitio%20como%20corredor%20biol%C3%B3gico%20y%20espacio%20de%20conservaci%C3%B3n%20dentro%20del%20municipio.%22%7D%2C%7B%22title%22%3A%22Investigaci%C3%B3n%22%2C%22description%22%3A%22El%20Sendero%20Ambiental%20es%20un%20escenario%20de%20estudio%20permanente%20donde%20se%20desarrollan%20proyectos%20de%20monitoreo%20con%20c%C3%A1maras%20trampa%2C%20caracterizaci%C3%B3n%20de%20especies%2C%20an%C3%A1lisis%20de%20comportamiento%20animal%20y%20evaluaci%C3%B3n%20de%20cobertura%20vegetal.%20Estos%20procesos%20fortalecen%20la%20formaci%C3%B3n%20t%C3%A9cnica%20del%20SENA%20y%20aportan%20datos%20relevantes%20para%20la%20comprensi%C3%B3n%20de%20la%20fauna%20local%20y%20su%20relaci%C3%B3n%20con%20el%20entorno.%22%7D%2C%7B%22title%22%3A%22Educaci%C3%B3n%22%2C%22description%22%3A%22Este%20espacio%20es%20utilizado%20para%20actividades%20acad%C3%A9micas%2C%20pr%C3%A1cticas%20de%20campo%2C%20recorridos%20interpretativos%2C%20salidas%20pedag%C3%B3gicas%20y%20proyectos%20ambientales.%20Aqu%C3%AD%2C%20los%20aprendices%20pueden%20aplicar%20conocimientos%2C%20desarrollar%20habilidades%20investigativas%20y%20comprender%20la%20importancia%20de%20la%20sostenibilidad%20a%20trav%C3%A9s%20de%20experiencias%20reales%20de%20aprendizaje%20en%20contacto%20directo%20con%20la%20naturaleza.%22%7D%2C%7B%22title%22%3A%22Conservaci%C3%B3n%22%2C%22description%22%3A%22La%20protecci%C3%B3n%20del%20relicto%20boscoso%20es%20una%20prioridad%20institucional.%20A%20trav%C3%A9s%20del%20manejo%20del%20sendero%2C%20la%20instalaci%C3%B3n%20de%20c%C3%A1maras%20trampa%2C%20la%20restauraci%C3%B3n%20vegetal%20y%20la%20sensibilizaci%C3%B3n%20ambiental%2C%20el%20SENA%20promueve%20la%20conservaci%C3%B3n%20de%20especies%20y%20ecosistemas%20locales.%20Cada%20avistamiento%20registrado%20y%20cada%20actividad%20formativa%20realizada%20contribuye%20al%20fortalecimiento%20de%20una%20cultura%20de%20cuidado%20y%20respeto%20por%20la%20biodiversidad.%22%7D%5D\u00bb][ts_expert_box details=\u00bb%5B%5D\u00bb][\/vc_column][vc_column offset=\u00bbvc_col-md-offset-1 vc_col-md-7&#8243;][vc_single_image image=\u00bb505&#8243; img_size=\u00bbfull\u00bb][\/vc_column][\/vc_row][vc_row use_container=\u00bbyes\u00bb][vc_column][vc_row_inner][vc_column_inner][ts_section_title tagline=\u00bbComunicate con nosotros\u00bb title=\u00bbContactanos\u00bb]\n<div class=\"wpcf7 no-js\" id=\"wpcf7-f204-o1\" lang=\"en-US\" dir=\"ltr\" data-wpcf7-id=\"204\">\n<div class=\"screen-reader-response\"><p role=\"status\" aria-live=\"polite\" aria-atomic=\"true\"><\/p> <ul><\/ul><\/div>\n<form action=\"\/senderoTahamies\/wp-json\/wp\/v2\/pages\/24#wpcf7-f204-o1\" method=\"post\" class=\"wpcf7-form init\" aria-label=\"Contact form\" novalidate=\"novalidate\" data-status=\"init\">\n<fieldset class=\"hidden-fields-container\"><input type=\"hidden\" name=\"_wpcf7\" value=\"204\" \/><input type=\"hidden\" name=\"_wpcf7_version\" value=\"6.1.1\" \/><input type=\"hidden\" name=\"_wpcf7_locale\" value=\"en_US\" \/><input type=\"hidden\" name=\"_wpcf7_unit_tag\" value=\"wpcf7-f204-o1\" \/><input type=\"hidden\" name=\"_wpcf7_container_post\" value=\"0\" \/><input type=\"hidden\" name=\"_wpcf7_posted_data_hash\" value=\"\" \/>\n<\/fieldset>\n<div class=\"contact-form\">\n\t<div class=\"form-group\">\n\t\t<p><input type=\"text\" placeholder=\"Nombre Completo\" \/>\n\t\t<\/p>\n\t<\/div>\n\t<div class=\"form-group\">\n\t\t<p><input type=\"text\" placeholder=\"E-mail\" \/>\n\t\t<\/p>\n\t<\/div>\n\t<div class=\"form-group\">\n\t\t<p><input type=\"text\" placeholder=\"Asunto\" \/>\n\t\t<\/p>\n\t<\/div>\n\t<div class=\"form-group\">\n\t\t<p><textarea placeholder=\"Mensaje\"><\/textarea>\n\t\t<\/p>\n\t<\/div>\n\t<div class=\"form-group\">\n\t\t<p><input type=\"submit\" value=\"ENVIAR MENSAJE\" \/>\n\t\t<\/p>\n\t<\/div>\n<\/div><p style=\"display: none !important;\" class=\"akismet-fields-container\" data-prefix=\"_wpcf7_ak_\"><label>&#916;<textarea name=\"_wpcf7_ak_hp_textarea\" cols=\"45\" rows=\"8\" maxlength=\"100\"><\/textarea><\/label><input type=\"hidden\" id=\"ak_js_1\" name=\"_wpcf7_ak_js\" value=\"18\"\/><script>document.getElementById( \"ak_js_1\" ).setAttribute( \"value\", ( new Date() ).getTime() );<\/script><\/p><div class=\"wpcf7-response-output\" aria-hidden=\"true\"><\/div>\n<\/form>\n<\/div>\n[\/vc_column_inner][\/vc_row_inner][\/vc_column][\/vc_row][vc_row motts_theme_padding=\u00bbno\u00bb css=\u00bb.vc_custom_1603890411927{margin-right: 0px !important;margin-left: 0px !important;}\u00bb][vc_column css=\u00bb.vc_custom_1603890418265{padding-right: 0px !important;padding-left: 0px !important;}\u00bb][ts_gallery_grid details=\u00bb%5B%7B%22image%22%3A%22667%22%2C%22title%22%3A%22Image%22%7D%2C%7B%22image%22%3A%22666%22%2C%22title%22%3A%22Image%22%7D%2C%7B%22image%22%3A%22670%22%2C%22title%22%3A%22Image%22%7D%5D\u00bb][\/vc_column][\/vc_row]<\/p>\n","protected":false},"excerpt":{"rendered":"<p>[vc_row motts_theme_padding=\u00bbno\u00bb use_container=\u00bbyes\u00bb css=\u00bb.vc_custom_1603886300690{padding-top: 100px !important;}\u00bb][vc_column][vc_row_inner][vc_column_inner][ts_section_title align=\u00bbtext-left\u00bb tagline=\u00bbSobre El Sendero\u00bb title=\u00bbSobre el Sendero Ambiental CFMA\u00bb][\/vc_column_inner][\/vc_row_inner][vc_row_inner content_placement=\u00bbmiddle\u00bb][vc_column_inner offset=\u00bbvc_col-md-6&#8243;][ts_side_content description=\u00bbFrom rural crafts and traditions, practical and inspiring gardening tips, delicious recipes, wildlife, four-legged friends and great places to visit, to discovering more about your food provenance and how you can back British farming, Countryside aims to inspire [&hellip;]<\/p>\n","protected":false},"author":1,"featured_media":0,"parent":0,"menu_order":0,"comment_status":"closed","ping_status":"closed","template":"page-builder.php","meta":{"_monsterinsights_skip_tracking":false,"_monsterinsights_sitenote_active":false,"_monsterinsights_sitenote_note":"","_monsterinsights_sitenote_category":0,"footnotes":""},"class_list":["post-24","page","type-page","status-publish","hentry"],"aioseo_notices":[],"_links":{"self":[{"href":"https:\/\/www.asemcfma.com\/senderoTahamies\/wp-json\/wp\/v2\/pages\/24","targetHints":{"allow":["GET"]}}],"collection":[{"href":"https:\/\/www.asemcfma.com\/senderoTahamies\/wp-json\/wp\/v2\/pages"}],"about":[{"href":"https:\/\/www.asemcfma.com\/senderoTahamies\/wp-json\/wp\/v2\/types\/page"}],"author":[{"embeddable":true,"href":"https:\/\/www.asemcfma.com\/senderoTahamies\/wp-json\/wp\/v2\/users\/1"}],"replies":[{"embeddable":true,"href":"https:\/\/www.asemcfma.com\/senderoTahamies\/wp-json\/wp\/v2\/comments?post=24"}],"version-history":[{"count":10,"href":"https:\/\/www.asemcfma.com\/senderoTahamies\/wp-json\/wp\/v2\/pages\/24\/revisions"}],"predecessor-version":[{"id":745,"href":"https:\/\/www.asemcfma.com\/senderoTahamies\/wp-json\/wp\/v2\/pages\/24\/revisions\/745"}],"wp:attachment":[{"href":"https:\/\/www.asemcfma.com\/senderoTahamies\/wp-json\/wp\/v2\/media?parent=24"}],"curies":[{"name":"wp","href":"https:\/\/api.w.org\/{rel}","templated":true}]}}