{"id":17,"date":"2020-10-27T05:03:58","date_gmt":"2020-10-27T05:03:58","guid":{"rendered":"http:\/\/seodo.themezinho.net\/?page_id=17"},"modified":"2025-11-25T04:05:54","modified_gmt":"2025-11-25T04:05:54","slug":"avistamientos","status":"publish","type":"page","link":"https:\/\/www.asemcfma.com\/senderoTahamies\/avistamientos\/","title":{"rendered":"Avistamientos"},"content":{"rendered":"<p>[vc_row use_container=\u00bbyes\u00bb][vc_column][vc_row_inner][vc_column_inner][ts_section_title align=\u00bbtext-left\u00bb title=\u00bbEspecies Observadas\u00bb][\/vc_column_inner][\/vc_row_inner][vc_row_inner][vc_column_inner width=\u00bb1\/2&#8243;][ts_text_box]El Sendero Ambiental CFMA registra de manera continua la fauna que habita o transita por este relicto boscoso de 1.86 hect\u00e1reas. Gracias al uso de c\u00e1maras trampa y recorridos guiados, se han identificado especies clave que cumplen un papel fundamental en el equilibrio ecol\u00f3gico del territorio.[\/ts_text_box][\/vc_column_inner][vc_column_inner width=\u00bb1\/2&#8243;][ts_text_box]Estos avistamientos permiten fortalecer procesos de formaci\u00f3n, investigaci\u00f3n y educaci\u00f3n ambiental, acercando a la comunidad al conocimiento de la biodiversidad que nos rodea.[\/ts_text_box][\/vc_column_inner][\/vc_row_inner][vc_row_inner][vc_column_inner][ts_work total_count=\u00bb6&#8243;][\/vc_column_inner][\/vc_row_inner][\/vc_column][\/vc_row]<\/p>\n","protected":false},"excerpt":{"rendered":"<p>[vc_row use_container=\u00bbyes\u00bb][vc_column][vc_row_inner][vc_column_inner][ts_section_title align=\u00bbtext-left\u00bb title=\u00bbEspecies Observadas\u00bb][\/vc_column_inner][\/vc_row_inner][vc_row_inner][vc_column_inner width=\u00bb1\/2&#8243;][ts_text_box]El Sendero Ambiental CFMA registra de manera continua la fauna que habita o transita por este relicto boscoso de 1.86 hect\u00e1reas. Gracias al uso de c\u00e1maras trampa y recorridos guiados, se han identificado especies clave que cumplen un papel fundamental en el equilibrio ecol\u00f3gico del territorio.[\/ts_text_box][\/vc_column_inner][vc_column_inner width=\u00bb1\/2&#8243;][ts_text_box]Estos avistamientos permiten fortalecer [&hellip;]<\/p>\n","protected":false},"author":1,"featured_media":0,"parent":0,"menu_order":0,"comment_status":"closed","ping_status":"closed","template":"page-builder.php","meta":{"_monsterinsights_skip_tracking":false,"_monsterinsights_sitenote_active":false,"_monsterinsights_sitenote_note":"","_monsterinsights_sitenote_category":0,"footnotes":""},"class_list":["post-17","page","type-page","status-publish","hentry"],"aioseo_notices":[],"_links":{"self":[{"href":"https:\/\/www.asemcfma.com\/senderoTahamies\/wp-json\/wp\/v2\/pages\/17","targetHints":{"allow":["GET"]}}],"collection":[{"href":"https:\/\/www.asemcfma.com\/senderoTahamies\/wp-json\/wp\/v2\/pages"}],"about":[{"href":"https:\/\/www.asemcfma.com\/senderoTahamies\/wp-json\/wp\/v2\/types\/page"}],"author":[{"embeddable":true,"href":"https:\/\/www.asemcfma.com\/senderoTahamies\/wp-json\/wp\/v2\/users\/1"}],"replies":[{"embeddable":true,"href":"https:\/\/www.asemcfma.com\/senderoTahamies\/wp-json\/wp\/v2\/comments?post=17"}],"version-history":[{"count":11,"href":"https:\/\/www.asemcfma.com\/senderoTahamies\/wp-json\/wp\/v2\/pages\/17\/revisions"}],"predecessor-version":[{"id":722,"href":"https:\/\/www.asemcfma.com\/senderoTahamies\/wp-json\/wp\/v2\/pages\/17\/revisions\/722"}],"wp:attachment":[{"href":"https:\/\/www.asemcfma.com\/senderoTahamies\/wp-json\/wp\/v2\/media?parent=17"}],"curies":[{"name":"wp","href":"https:\/\/api.w.org\/{rel}","templated":true}]}}